{"id":18408,"date":"2023-04-20T11:44:14","date_gmt":"2023-04-20T11:44:14","guid":{"rendered":"https:\/\/integracee.es\/declaracion-de-accesibilidad\/"},"modified":"2023-06-09T10:34:55","modified_gmt":"2023-06-09T10:34:55","slug":"declaracio-daccessibilitat","status":"publish","type":"page","link":"https:\/\/integracee.es\/ca\/declaracio-daccessibilitat\/","title":{"rendered":"Declaraci\u00f3 d\u2019accessibilitat"},"content":{"rendered":"\n<ul class=\"wp-block-list\">\n<li>https:\/\/integracee.es<\/li>\n\n\n\n<li>18\/04\/2023<\/li>\n<\/ul>\n\n\n\n<h3 class=\"wp-block-heading\"><strong>Estat de compliment<\/strong><\/h3>\n\n\n\n<p>Creiem fermament que internet ha de ser accessible i estar a la disposici\u00f3 de tothom. Per aix\u00f2, tenim el comprom\u00eds de proporcionar un lloc web accessible a la major quantitat possible de persones, independentment de les seves circumst\u00e0ncies i capacitats.<\/p>\n\n\n\n<p>Per fer-ho possible, el nostre objectiu consisteix a adherir-nos el m\u00e9s estrictament possible a les Pautes d\u2019Accessibilitat per al Contingut Web 2.1 (WCAG 2.1) del Consorci World Wide Web (W3C) en el seu nivell AA. Aquestes directrius descriuen com adaptar els continguts web perqu\u00e8 puguin ser accessibles a persones amb discapacitats.<\/p>\n\n\n\n<p>Aquest lloc web utilitza diverses tecnologies perqu\u00e8 resulti el m\u00e9s accessible possible. Emprem una interf\u00edcie d&#8217;accessibilitat que permet a les persones adequar-la a les seves necessitats.<\/p>\n\n\n\n<p>A m\u00e9s, el lloc web fa servir una aplicaci\u00f3 basada en intel\u00b7lig\u00e8ncia artificial que s\u2019executa en segon pla i optimitza cont\u00ednuament el nivell d\u2019accessibilitat. Aquesta aplicaci\u00f3 modifica el codi HTML del lloc web, adaptant la seva funcionalitat i comportament als lectors de pantalla que fan servir les persones amb ceguesa i a les funcions de teclat que utilitzen les persones amb discapacitats motrius.<\/p>\n\n\n\n<p>Si troba algun error de funcionament o t\u00e9 alguna idea de com millorar el lloc web, li agrair\u00edem molt que ens ho comuniqu\u00e9s. Pot posar-se en contacte amb els encarregats del lloc web a trav\u00e9s del seg\u00fcent correu electr\u00f2nic: <a href=\"mailto:info@integracee.es\">info@integracee.es<\/a><\/p>\n\n\n\n<p><strong>Navegaci\u00f3 mitjan\u00e7ant lector de pantalla i teclat<\/strong><\/p>\n\n\n\n<p>El nostre lloc web implementa la t\u00e8cnica d&#8217;atributs \u00c0RIA (Accessible Rich Internet Applications, accessibilitat en aplicacions web enriquides), juntament amb uns altres de comportament, per a garantir que les persones amb ceguesa que ens visiten amb lectors de pantalla, puguin llegir, comprendre i aprofitar les funcionalitats del lloc web. Quan una persona usu\u00e0ria que utilitza un lector de pantalla entra en el nostre lloc web, se li sol\u00b7licita que estableixi el seu perfil de lector de pantalla perqu\u00e8 pugui navegar i fer \u00fas del lloc web de manera satisfact\u00f2ria. A continuaci\u00f3, es mostra com el nostre lloc web satisf\u00e0 alguns dels requisits m\u00e9s importants en relaci\u00f3 amb els lectors de pantalla, juntament amb algunes captures de pantalla de la consola que contenen exemples de codi:<\/p>\n\n\n\n<ol class=\"wp-block-list\" type=\"1\" start=\"1\">\n<li><strong>Optimitzaci\u00f3 per a lectors de pantalla: <\/strong>executem un proc\u00e9s en segon pla que analitza tots els elements del lloc web per garantir el compliment de les directrius d\u2019accessibilitat fins i tot en el cas que el lloc web s\u2019actualitzi. En aquest proc\u00e9s, es proporcionen, als lectors de pantalla, les dades que els fa falta per funcionar correctament, per a la qual cosa es fa servir el conjunt d\u2019atributs ARIA. Per exemple, se subministren etiquetes apropiades per als formularis, descripcions per a les icones que permeten fer accions (icones de xarxes socials, icones de cerca, icones de carro de la compra, etc.), indicacions per validar les entrades en els formularis, elements com ara botons, men\u00fas, di\u00e0legs modals (finestres emergents) i d\u2019altres. Aix\u00ed mateix, el proc\u00e9s en segon pla escaneja totes les imatges del lloc web i proporciona una descripci\u00f3 precisa i rellevant basada en reconeixement d\u2019objectes mitjan\u00e7ant etiquetes ALT (text alternatiu) per a les imatges que no estan identificades. Tamb\u00e9 s\u2019extreuen els textos que cont\u00e9 la imatge per mitj\u00e0 de tecnologia OCR (reconeixement \u00f2ptic de car\u00e0cters). Les&nbsp; persones usu\u00e0ries poden activar els controls del lector de pantalla en qualsevol moment amb tan sols pr\u00e9mer la combinaci\u00f3 de tecles Alt+1. A m\u00e9s a m\u00e9s, les persones usu\u00e0ries de lectors de pantalla reben un av\u00eds autom\u00e0tic perqu\u00e8 activin el mode de lector de pantalla just entrar en el lloc web.<\/li>\n<\/ol>\n\n\n\n<p>&nbsp;&nbsp;&nbsp;&nbsp;&nbsp;&nbsp;&nbsp;&nbsp;&nbsp;&nbsp;&nbsp;&nbsp;&nbsp;&nbsp;&nbsp; Aquesta configuraci\u00f3 \u00e9s compatible amb els lectors de pantalla m\u00e9s populars, com ara JAWS i NVDA.<\/p>\n\n\n\n<ol class=\"wp-block-list\" type=\"1\" start=\"2\">\n<li><strong>Optimitzaci\u00f3 de la navegaci\u00f3 des del teclat: <\/strong>el proc\u00e9s en segon pla tamb\u00e9 adapta el codi HTML del lloc web, afegint-hi diversos comportaments mitjan\u00e7ant l\u2019\u00fas de codi Javascript. D\u2019aquesta manera, el lloc web es pot fer servir a trav\u00e9s del teclat. Aix\u00ed, \u00e9s possible navegar pel lloc web utilitzant les tecles Tabulador i May\u00fas&nbsp;+&nbsp;Tabulador, despla\u00e7ar-se pels elements desplegables amb les tecles de cursor, tancar-los amb Esc, pr\u00e9mer sobre botons i enlla\u00e7os amb la tecla Entrar, moure\u2019s entre botons d\u2019opci\u00f3 i caselles de verificaci\u00f3 amb les tecles de cursor i marcar-los amb la barra espaiadora o la tecla Entrar. A m\u00e9s a m\u00e9s, les persones usu\u00e0ries que facin servir el teclat podran accedir en qualsevol moment a men\u00fas de navegaci\u00f3 r\u00e0pida i aquells que permeten ometre continguts amb tan sol pr\u00e9mer Alt+1 (aquestes tamb\u00e9 seran les primeres opcions en navegar pel lloc web). El proc\u00e9s en segon pla tamb\u00e9 gestiona les finestres emergents, fent-les accessibles des del teclat quan es mostren i mentre estiguin actives.<\/li>\n<\/ol>\n\n\n\n<p>Les persones usu\u00e0ries tamb\u00e9 poden utilitzar dreceres de teclat prement tecles com ara \u201cM\u201d (per als men\u00fas), \u201cH\u201d (encap\u00e7alats), \u201cF\u201d (formularis), \u201cB\u201d (botons) i \u201cG\u201d (gr\u00e0fics) per tal d\u2019accedir directament a elements espec\u00edfics.<\/p>\n\n\n\n<h3 class=\"wp-block-heading\"><strong>Perfils de discapacitat compatibles amb el nostre lloc web.<\/strong><\/h3>\n\n\n\n<ul class=\"wp-block-list\">\n<li><strong>Mode segur per a epil\u00e8psia:<\/strong> aquest perfil permet a les persones amb epil\u00e8psia navegar de forma segura a trav\u00e9s del lloc web, en evitar el risc de convulsions provocades per animacions que mostren parpellejos i combinacions de colors que puguin ser perjudicials.<\/li>\n\n\n\n<li><strong>Mode per a persones amb discapacitat visual:<\/strong> aquest mode adapta el lloc web a les necessitats de les persones amb discapacitats visuals com ara degradaci\u00f3 de la vista, visi\u00f3 t\u00fanel, cataractes, glaucoma.<\/li>\n\n\n\n<li><strong>Mode per a discapacitats cognitives:<\/strong> aquest mode proporciona diferents funcions d\u2019assist\u00e8ncia perqu\u00e8 las persones amb discapacitats cognitives com ara disl\u00e8xia, autisme o persones que hagin sofert un accident cerebrovascular, etc., puguin concentrar-se m\u00e9s f\u00e0cilment en els elements essencials del lloc web.<\/li>\n\n\n\n<li><strong>Mode adaptat per a persones amb TDAH:<\/strong> aquest mode facilita que les persones usu\u00e0ries amb trastorns TDAH i de neurodesenvolupament puguin llegir, navegar i concentrar-se en els elements principals del lloc web m\u00e9s f\u00e0cilment, alhora que redueix significativament les distraccions.<\/li>\n\n\n\n<li><strong>Mode per a persones amb ceguesa:<\/strong> aquest mode adapta el lloc web perqu\u00e8 sigui compatible amb lectors de pantalla com ara JAWS, NVDA, VoiceOver i TalkBack. Un lector de pantalla \u00e9s una aplicaci\u00f3 dissenyada per a persones amb ceguesa que es pot fer servir en ordinadors i tel\u00e8fons intel\u00b7ligents i per la qual els llocs web han d\u2019estar dissenyats perqu\u00e8 hi puguin ser compatibles.<\/li>\n\n\n\n<li><strong>Perfil de navegaci\u00f3 per a teclat (persones amb discapacitats motrius):<\/strong> aquest perfil permet, a les persones amb discapacitats motrius, navegar a trav\u00e9s del lloc web mitjan\u00e7ant la tecla Tabulador, May\u00fas&nbsp;+&nbsp;Tabulador i Entrar. Les persones usu\u00e0ries tamb\u00e9 poden fer servir dreceres de teclat prement en tecles tals com ara \u201cM\u201d (per als men\u00fas), \u201cH\u201d (encap\u00e7alats), \u201cF\u201d (formularis), \u201cB\u201d (botons) i \u201cG\u201d (gr\u00e0fics) per tal d\u2019accedir directament a elements espec\u00edfics.<\/li>\n<\/ul>\n\n\n\n<h3 class=\"wp-block-heading\"><strong>Configuraci\u00f3 addicional de la interf\u00edcie d\u2019usuari, disseny i llegibilitat<\/strong><\/h3>\n\n\n\n<ol class=\"wp-block-list\" type=\"1\" start=\"1\">\n<li><strong>Ajust de fonts:<\/strong> les persones usu\u00e0ries poden augmentar i reduir la grand\u00e0ria, triar la fam\u00edlia (tipus de lletra), ajustar l\u2019espaiat, l\u2019alineaci\u00f3, l\u2019altura de l\u00ednia, etc.<\/li>\n\n\n\n<li><strong>Ajust de color:<\/strong> les persones usu\u00e0ries poden seleccionar diversos perfils de contrast en relaci\u00f3 amb el color, com clar, fosc, invertit i monocrom. A m\u00e9s a m\u00e9s, \u00e9s possible canviar els esquemes de color dels t\u00edtols, textos i fons, ja que es disposa de m\u00e9s de 7 opcions diferents.<\/li>\n\n\n\n<li><strong>Animacions:<\/strong> les persones amb epil\u00e8psia poden aturar totes les animacions en execuci\u00f3 prement tan sols un bot\u00f3. Les animacions que pot controlar la interf\u00edcie s\u00f3n, entre d\u2019altres, v\u00eddeos, GIF i transicions CSS amb parpellejos.<\/li>\n\n\n\n<li><strong>Ressaltat de contingut:<\/strong> les persones usu\u00e0ries tenen l\u2019opci\u00f3 de ressaltar elements importants com els enlla\u00e7os i els t\u00edtols. Tamb\u00e9 poden triar ressaltar nom\u00e9s els elements seleccionats o sobre els quals es desplaci el ratol\u00ed.<\/li>\n\n\n\n<li><strong>Funci\u00f3 per silenciar l\u2019\u00e0udio:<\/strong> algunes persones usu\u00e0ries que fan servir audi\u00f2fons poden patir mal de cap o altres problemes a causa de la reproducci\u00f3 autom\u00e0tica de sons. Aquesta opci\u00f3 permet silenciar la totalitat del lloc web a l\u2019instant.<\/li>\n\n\n\n<li><strong>Desordres cognitius:<\/strong> utilitzem un motor de cerca vinculat a Viquip\u00e8dia i Wiktionary que possibilita que les persones amb desordres cognitius puguin interpretar el significat de frases, sigles, expressions populars, etc.<\/li>\n\n\n\n<li><strong>Funcions addicionals: <\/strong>oferim a les persones usu\u00e0ries l\u2019opci\u00f3 de modificar el color i grand\u00e0ria del cursor, utilitzar una manera d\u2019impressi\u00f3, activar un teclat virtual i un gran nombre de funcions addicionals.<\/li>\n<\/ol>\n\n\n\n<h3 class=\"wp-block-heading\"><strong>Compatibilitat amb navegadors i tecnologies d\u2019assist\u00e8ncia<\/strong><\/h3>\n\n\n\n<p>El nostre objectiu \u00e9s suportar una \u00e0mplia varietat de navegadors i tecnologies d\u2019assist\u00e8ncia amb la finalitat que els nostres usuaris i usu\u00e0ries puguin triar les eines que s\u2019adaptin millor a les seves necessitats i experimentin aix\u00ed les menors limitacions possibles. Per a aix\u00f2, ens hem esfor\u00e7at al m\u00e0xim a poder oferir compatibilitat amb els principals navegadors, que en conjunt suposen m\u00e9s del 95% de les persones usu\u00e0ries, com ara Google Chrome, Mozilla Firefox, Safari d\u2019Apple, Opera i Microsoft Edge, aix\u00ed com JAWS i NVDA (lectors de pantalla), tant en les seves versions per a Windows com per a Mac.<\/p>\n\n\n\n<h3 class=\"wp-block-heading\"><strong>Notes, comentaris i suggeriments<\/strong><\/h3>\n\n\n\n<p>Malgrat que ens hem esfor\u00e7at al m\u00e0xim perqu\u00e8 qualsevol persona pugui adaptar el lloc web a les seves necessitats, \u00e9s possible que encara existeixin p\u00e0gines o seccions que no siguin completament accessibles, es trobin en proc\u00e9s de convertir-se en accessibles o per a les quals no hi hagi en aquest moment una soluci\u00f3 tecnol\u00f2gica adequada per transformar-les en accessibles. Continuem millorant cont\u00ednuament les nostres capacitats d\u2019accessibilitat, afegint, actualitzant i millorant funcionalitats i opcions, aix\u00ed com desenvolupant i adoptant noves tecnologies. Tot aix\u00f2 amb la finalitat d\u2019assolir un nivell \u00f2ptim d\u2019accessibilitat, conforme als \u00faltims avan\u00e7os tecnol\u00f2gics. Si necessita qualsevol tipus d\u2019ajuda, pot posar-se en contacte amb nosaltres a <a href=\"mailto:info@integracee.es\">info@integracee.es<\/a><\/p>\n","protected":false},"excerpt":{"rendered":"<p>Estat de compliment Creiem fermament que internet ha de ser accessible i estar a la disposici\u00f3 de tothom. Per aix\u00f2, tenim el comprom\u00eds de proporcionar un lloc web accessible a la major quantitat possible de persones, independentment de les seves circumst\u00e0ncies i capacitats. Per fer-ho possible, el nostre objectiu consisteix a adherir-nos el m\u00e9s estrictament [&hellip;]<\/p>\n","protected":false},"author":1,"featured_media":0,"parent":0,"menu_order":0,"comment_status":"closed","ping_status":"closed","template":"","meta":{"footnotes":""},"class_list":["post-18408","page","type-page","status-publish","hentry"],"yoast_head":"<!-- This site is optimized with the Yoast SEO plugin v27.5 - https:\/\/yoast.com\/product\/yoast-seo-wordpress\/ -->\n<title>Declaraci\u00f3 d\u2019accessibilitat - Integra CEE | Centro especial de empleo<\/title>\n<meta name=\"robots\" content=\"index, follow, max-snippet:-1, max-image-preview:large, max-video-preview:-1\" \/>\n<link rel=\"canonical\" href=\"https:\/\/integracee.es\/ca\/declaracio-daccessibilitat\/\" \/>\n<meta property=\"og:locale\" content=\"ca_ES\" \/>\n<meta property=\"og:type\" content=\"article\" \/>\n<meta property=\"og:title\" content=\"Declaraci\u00f3 d\u2019accessibilitat - Integra CEE | Centro especial de empleo\" \/>\n<meta property=\"og:description\" content=\"Estat de compliment Creiem fermament que internet ha de ser accessible i estar a la disposici\u00f3 de tothom. Per aix\u00f2, tenim el comprom\u00eds de proporcionar un lloc web accessible a la major quantitat possible de persones, independentment de les seves circumst\u00e0ncies i capacitats. Per fer-ho possible, el nostre objectiu consisteix a adherir-nos el m\u00e9s estrictament [&hellip;]\" \/>\n<meta property=\"og:url\" content=\"https:\/\/integracee.es\/ca\/declaracio-daccessibilitat\/\" \/>\n<meta property=\"og:site_name\" content=\"Integra CEE | Centro especial de empleo\" \/>\n<meta property=\"article:publisher\" content=\"https:\/\/www.facebook.com\/integracee\/\" \/>\n<meta property=\"article:modified_time\" content=\"2023-06-09T10:34:55+00:00\" \/>\n<meta name=\"twitter:card\" content=\"summary_large_image\" \/>\n<meta name=\"twitter:site\" content=\"@integracee\" \/>\n<meta name=\"twitter:label1\" content=\"Temps estimat de lectura\" \/>\n\t<meta name=\"twitter:data1\" content=\"8 minuts\" \/>\n<script type=\"application\/ld+json\" class=\"yoast-schema-graph\">{\"@context\":\"https:\\\/\\\/schema.org\",\"@graph\":[{\"@type\":\"WebPage\",\"@id\":\"https:\\\/\\\/integracee.es\\\/ca\\\/declaracio-daccessibilitat\\\/\",\"url\":\"https:\\\/\\\/integracee.es\\\/ca\\\/declaracio-daccessibilitat\\\/\",\"name\":\"Declaraci\u00f3 d\u2019accessibilitat - Integra CEE | Centro especial de empleo\",\"isPartOf\":{\"@id\":\"https:\\\/\\\/integracee.es\\\/ca\\\/#website\"},\"datePublished\":\"2023-04-20T11:44:14+00:00\",\"dateModified\":\"2023-06-09T10:34:55+00:00\",\"breadcrumb\":{\"@id\":\"https:\\\/\\\/integracee.es\\\/ca\\\/declaracio-daccessibilitat\\\/#breadcrumb\"},\"inLanguage\":\"ca\",\"potentialAction\":[{\"@type\":\"ReadAction\",\"target\":[\"https:\\\/\\\/integracee.es\\\/ca\\\/declaracio-daccessibilitat\\\/\"]}]},{\"@type\":\"BreadcrumbList\",\"@id\":\"https:\\\/\\\/integracee.es\\\/ca\\\/declaracio-daccessibilitat\\\/#breadcrumb\",\"itemListElement\":[{\"@type\":\"ListItem\",\"position\":1,\"name\":\"Portada\",\"item\":\"https:\\\/\\\/integracee.es\\\/ca\\\/\"},{\"@type\":\"ListItem\",\"position\":2,\"name\":\"Declaraci\u00f3 d\u2019accessibilitat\"}]},{\"@type\":\"WebSite\",\"@id\":\"https:\\\/\\\/integracee.es\\\/ca\\\/#website\",\"url\":\"https:\\\/\\\/integracee.es\\\/ca\\\/\",\"name\":\"Integra CEE | Centro especial de empleo\",\"description\":\"Contratamos talento. Promovemos inclusi\u00f3n | Medidas alternativas de empleo inclusivo | Contrataci\u00f3n de personas con discapacidad\",\"publisher\":{\"@id\":\"https:\\\/\\\/integracee.es\\\/ca\\\/#organization\"},\"potentialAction\":[{\"@type\":\"SearchAction\",\"target\":{\"@type\":\"EntryPoint\",\"urlTemplate\":\"https:\\\/\\\/integracee.es\\\/ca\\\/?s={search_term_string}\"},\"query-input\":{\"@type\":\"PropertyValueSpecification\",\"valueRequired\":true,\"valueName\":\"search_term_string\"}}],\"inLanguage\":\"ca\"},{\"@type\":\"Organization\",\"@id\":\"https:\\\/\\\/integracee.es\\\/ca\\\/#organization\",\"name\":\"Integra CEE | Centro especial de empleo\",\"url\":\"https:\\\/\\\/integracee.es\\\/ca\\\/\",\"logo\":{\"@type\":\"ImageObject\",\"inLanguage\":\"ca\",\"@id\":\"https:\\\/\\\/integracee.es\\\/ca\\\/#\\\/schema\\\/logo\\\/image\\\/\",\"url\":\"https:\\\/\\\/integracee.es\\\/wp-content\\\/uploads\\\/2020\\\/02\\\/logoBlanco2x-1.png\",\"contentUrl\":\"https:\\\/\\\/integracee.es\\\/wp-content\\\/uploads\\\/2020\\\/02\\\/logoBlanco2x-1.png\",\"width\":600,\"height\":235,\"caption\":\"Integra CEE | Centro especial de empleo\"},\"image\":{\"@id\":\"https:\\\/\\\/integracee.es\\\/ca\\\/#\\\/schema\\\/logo\\\/image\\\/\"},\"sameAs\":[\"https:\\\/\\\/www.facebook.com\\\/integracee\\\/\",\"https:\\\/\\\/x.com\\\/integracee\",\"https:\\\/\\\/www.linkedin.com\\\/company\\\/integra-centro-especial-de-empleo\"]}]}<\/script>\n<!-- \/ Yoast SEO plugin. -->","yoast_head_json":{"title":"Declaraci\u00f3 d\u2019accessibilitat - Integra CEE | Centro especial de empleo","robots":{"index":"index","follow":"follow","max-snippet":"max-snippet:-1","max-image-preview":"max-image-preview:large","max-video-preview":"max-video-preview:-1"},"canonical":"https:\/\/integracee.es\/ca\/declaracio-daccessibilitat\/","og_locale":"ca_ES","og_type":"article","og_title":"Declaraci\u00f3 d\u2019accessibilitat - Integra CEE | Centro especial de empleo","og_description":"Estat de compliment Creiem fermament que internet ha de ser accessible i estar a la disposici\u00f3 de tothom. Per aix\u00f2, tenim el comprom\u00eds de proporcionar un lloc web accessible a la major quantitat possible de persones, independentment de les seves circumst\u00e0ncies i capacitats. Per fer-ho possible, el nostre objectiu consisteix a adherir-nos el m\u00e9s estrictament [&hellip;]","og_url":"https:\/\/integracee.es\/ca\/declaracio-daccessibilitat\/","og_site_name":"Integra CEE | Centro especial de empleo","article_publisher":"https:\/\/www.facebook.com\/integracee\/","article_modified_time":"2023-06-09T10:34:55+00:00","twitter_card":"summary_large_image","twitter_site":"@integracee","twitter_misc":{"Temps estimat de lectura":"8 minuts"},"schema":{"@context":"https:\/\/schema.org","@graph":[{"@type":"WebPage","@id":"https:\/\/integracee.es\/ca\/declaracio-daccessibilitat\/","url":"https:\/\/integracee.es\/ca\/declaracio-daccessibilitat\/","name":"Declaraci\u00f3 d\u2019accessibilitat - Integra CEE | Centro especial de empleo","isPartOf":{"@id":"https:\/\/integracee.es\/ca\/#website"},"datePublished":"2023-04-20T11:44:14+00:00","dateModified":"2023-06-09T10:34:55+00:00","breadcrumb":{"@id":"https:\/\/integracee.es\/ca\/declaracio-daccessibilitat\/#breadcrumb"},"inLanguage":"ca","potentialAction":[{"@type":"ReadAction","target":["https:\/\/integracee.es\/ca\/declaracio-daccessibilitat\/"]}]},{"@type":"BreadcrumbList","@id":"https:\/\/integracee.es\/ca\/declaracio-daccessibilitat\/#breadcrumb","itemListElement":[{"@type":"ListItem","position":1,"name":"Portada","item":"https:\/\/integracee.es\/ca\/"},{"@type":"ListItem","position":2,"name":"Declaraci\u00f3 d\u2019accessibilitat"}]},{"@type":"WebSite","@id":"https:\/\/integracee.es\/ca\/#website","url":"https:\/\/integracee.es\/ca\/","name":"Integra CEE | Centro especial de empleo","description":"Contratamos talento. Promovemos inclusi\u00f3n | Medidas alternativas de empleo inclusivo | Contrataci\u00f3n de personas con discapacidad","publisher":{"@id":"https:\/\/integracee.es\/ca\/#organization"},"potentialAction":[{"@type":"SearchAction","target":{"@type":"EntryPoint","urlTemplate":"https:\/\/integracee.es\/ca\/?s={search_term_string}"},"query-input":{"@type":"PropertyValueSpecification","valueRequired":true,"valueName":"search_term_string"}}],"inLanguage":"ca"},{"@type":"Organization","@id":"https:\/\/integracee.es\/ca\/#organization","name":"Integra CEE | Centro especial de empleo","url":"https:\/\/integracee.es\/ca\/","logo":{"@type":"ImageObject","inLanguage":"ca","@id":"https:\/\/integracee.es\/ca\/#\/schema\/logo\/image\/","url":"https:\/\/integracee.es\/wp-content\/uploads\/2020\/02\/logoBlanco2x-1.png","contentUrl":"https:\/\/integracee.es\/wp-content\/uploads\/2020\/02\/logoBlanco2x-1.png","width":600,"height":235,"caption":"Integra CEE | Centro especial de empleo"},"image":{"@id":"https:\/\/integracee.es\/ca\/#\/schema\/logo\/image\/"},"sameAs":["https:\/\/www.facebook.com\/integracee\/","https:\/\/x.com\/integracee","https:\/\/www.linkedin.com\/company\/integra-centro-especial-de-empleo"]}]}},"_links":{"self":[{"href":"https:\/\/integracee.es\/ca\/wp-json\/wp\/v2\/pages\/18408","targetHints":{"allow":["GET"]}}],"collection":[{"href":"https:\/\/integracee.es\/ca\/wp-json\/wp\/v2\/pages"}],"about":[{"href":"https:\/\/integracee.es\/ca\/wp-json\/wp\/v2\/types\/page"}],"author":[{"embeddable":true,"href":"https:\/\/integracee.es\/ca\/wp-json\/wp\/v2\/users\/1"}],"replies":[{"embeddable":true,"href":"https:\/\/integracee.es\/ca\/wp-json\/wp\/v2\/comments?post=18408"}],"version-history":[{"count":4,"href":"https:\/\/integracee.es\/ca\/wp-json\/wp\/v2\/pages\/18408\/revisions"}],"predecessor-version":[{"id":18414,"href":"https:\/\/integracee.es\/ca\/wp-json\/wp\/v2\/pages\/18408\/revisions\/18414"}],"wp:attachment":[{"href":"https:\/\/integracee.es\/ca\/wp-json\/wp\/v2\/media?parent=18408"}],"curies":[{"name":"wp","href":"https:\/\/api.w.org\/{rel}","templated":true}]}}