{"id":15592,"date":"2020-04-16T09:21:01","date_gmt":"2020-04-16T09:21:01","guid":{"rendered":"https:\/\/integracee.utopiasl.eu\/inicio\/"},"modified":"2026-04-07T11:32:19","modified_gmt":"2026-04-07T11:32:19","slug":"home-demo-1","status":"publish","type":"page","link":"https:\/\/integracee.es\/gl\/","title":{"rendered":"Inicio"},"content":{"rendered":"","protected":false},"excerpt":{"rendered":"","protected":false},"author":1,"featured_media":16434,"parent":0,"menu_order":0,"comment_status":"closed","ping_status":"closed","template":"","meta":{"footnotes":""},"class_list":["post-15592","page","type-page","status-publish","has-post-thumbnail","hentry"],"yoast_head":"<!-- This site is optimized with the Yoast SEO plugin v27.3 - https:\/\/yoast.com\/product\/yoast-seo-wordpress\/ -->\n<title>Inicio - Integra CEE | Centro especial de empleo<\/title>\n<meta name=\"robots\" content=\"index, follow, max-snippet:-1, max-image-preview:large, max-video-preview:-1\" \/>\n<link rel=\"canonical\" href=\"https:\/\/integracee.es\/gl\/\" \/>\n<meta property=\"og:locale\" content=\"gl_ES\" \/>\n<meta property=\"og:type\" content=\"article\" \/>\n<meta property=\"og:title\" content=\"INTEGRA CENTROS ESPECIALES DE EMPLEO\" \/>\n<meta property=\"og:description\" content=\"Generamos oportunidades laborales para personas con discapacidada trav\u00e9s de la prestaci\u00f3n de servicios de calidad en entidades p\u00fablicasy privadas.\" \/>\n<meta property=\"og:url\" content=\"https:\/\/integracee.es\/gl\/\" \/>\n<meta property=\"og:site_name\" content=\"Integra CEE | Centro especial de empleo\" \/>\n<meta property=\"article:publisher\" content=\"https:\/\/www.facebook.com\/integracee\/\" \/>\n<meta property=\"article:modified_time\" content=\"2026-04-07T11:32:19+00:00\" \/>\n<meta property=\"og:image\" content=\"https:\/\/integracee.es\/wp-content\/uploads\/2023\/06\/MedidasAlternaContent-400x277-1.jpg\" \/>\n\t<meta property=\"og:image:width\" content=\"400\" \/>\n\t<meta property=\"og:image:height\" content=\"277\" \/>\n\t<meta property=\"og:image:type\" content=\"image\/jpeg\" \/>\n<meta name=\"twitter:card\" content=\"summary_large_image\" \/>\n<meta name=\"twitter:title\" content=\"INTEGRA CENTROS ESPECIALES DE EMPLEO\" \/>\n<meta name=\"twitter:description\" content=\"Generamos oportunidades laborales para personas con discapacidada trav\u00e9s de la prestaci\u00f3n de servicios de calidad en entidades p\u00fablicasy privadas.\" \/>\n<meta name=\"twitter:image\" content=\"https:\/\/integracee.es\/wp-content\/uploads\/2023\/06\/MedidasAlternaContent-400x277-1.jpg\" \/>\n<meta name=\"twitter:site\" content=\"@integracee\" \/>\n<meta name=\"twitter:label1\" content=\"Tempo de lectura\" \/>\n\t<meta name=\"twitter:data1\" content=\"6 minutos\" \/>\n<script type=\"application\/ld+json\" class=\"yoast-schema-graph\">{\"@context\":\"https:\\\/\\\/schema.org\",\"@graph\":[{\"@type\":\"WebPage\",\"@id\":\"https:\\\/\\\/integracee.es\\\/gl\\\/\",\"url\":\"https:\\\/\\\/integracee.es\\\/gl\\\/\",\"name\":\"Inicio - Integra CEE | Centro especial de empleo\",\"isPartOf\":{\"@id\":\"https:\\\/\\\/integracee.es\\\/gl\\\/#website\"},\"primaryImageOfPage\":{\"@id\":\"https:\\\/\\\/integracee.es\\\/gl\\\/#primaryimage\"},\"image\":{\"@id\":\"https:\\\/\\\/integracee.es\\\/gl\\\/#primaryimage\"},\"thumbnailUrl\":\"https:\\\/\\\/integracee.es\\\/wp-content\\\/uploads\\\/2023\\\/04\\\/eres-persona-home-1.png\",\"datePublished\":\"2020-04-16T09:21:01+00:00\",\"dateModified\":\"2026-04-07T11:32:19+00:00\",\"breadcrumb\":{\"@id\":\"https:\\\/\\\/integracee.es\\\/gl\\\/#breadcrumb\"},\"inLanguage\":\"gl-ES\",\"potentialAction\":[{\"@type\":\"ReadAction\",\"target\":[\"https:\\\/\\\/integracee.es\\\/gl\\\/\"]}]},{\"@type\":\"ImageObject\",\"inLanguage\":\"gl-ES\",\"@id\":\"https:\\\/\\\/integracee.es\\\/gl\\\/#primaryimage\",\"url\":\"https:\\\/\\\/integracee.es\\\/wp-content\\\/uploads\\\/2023\\\/04\\\/eres-persona-home-1.png\",\"contentUrl\":\"https:\\\/\\\/integracee.es\\\/wp-content\\\/uploads\\\/2023\\\/04\\\/eres-persona-home-1.png\",\"width\":600,\"height\":333,\"caption\":\"Integra CEE, centros especiales de empleo inclusivo en Espa\u00f1a\"},{\"@type\":\"BreadcrumbList\",\"@id\":\"https:\\\/\\\/integracee.es\\\/gl\\\/#breadcrumb\",\"itemListElement\":[{\"@type\":\"ListItem\",\"position\":1,\"name\":\"Portada\",\"item\":\"https:\\\/\\\/integracee.es\\\/gl\\\/\"},{\"@type\":\"ListItem\",\"position\":2,\"name\":\"Inicio\"}]},{\"@type\":\"WebSite\",\"@id\":\"https:\\\/\\\/integracee.es\\\/gl\\\/#website\",\"url\":\"https:\\\/\\\/integracee.es\\\/gl\\\/\",\"name\":\"Integra CEE | Centro especial de empleo\",\"description\":\"Contratamos talento. Promovemos inclusi\u00f3n | Medidas alternativas de empleo inclusivo | Contrataci\u00f3n de personas con discapacidad\",\"publisher\":{\"@id\":\"https:\\\/\\\/integracee.es\\\/gl\\\/#organization\"},\"potentialAction\":[{\"@type\":\"SearchAction\",\"target\":{\"@type\":\"EntryPoint\",\"urlTemplate\":\"https:\\\/\\\/integracee.es\\\/gl\\\/?s={search_term_string}\"},\"query-input\":{\"@type\":\"PropertyValueSpecification\",\"valueRequired\":true,\"valueName\":\"search_term_string\"}}],\"inLanguage\":\"gl-ES\"},{\"@type\":\"Organization\",\"@id\":\"https:\\\/\\\/integracee.es\\\/gl\\\/#organization\",\"name\":\"Integra CEE | Centro especial de empleo\",\"url\":\"https:\\\/\\\/integracee.es\\\/gl\\\/\",\"logo\":{\"@type\":\"ImageObject\",\"inLanguage\":\"gl-ES\",\"@id\":\"https:\\\/\\\/integracee.es\\\/gl\\\/#\\\/schema\\\/logo\\\/image\\\/\",\"url\":\"https:\\\/\\\/integracee.es\\\/wp-content\\\/uploads\\\/2020\\\/02\\\/logoBlanco2x-1.png\",\"contentUrl\":\"https:\\\/\\\/integracee.es\\\/wp-content\\\/uploads\\\/2020\\\/02\\\/logoBlanco2x-1.png\",\"width\":600,\"height\":235,\"caption\":\"Integra CEE | Centro especial de empleo\"},\"image\":{\"@id\":\"https:\\\/\\\/integracee.es\\\/gl\\\/#\\\/schema\\\/logo\\\/image\\\/\"},\"sameAs\":[\"https:\\\/\\\/www.facebook.com\\\/integracee\\\/\",\"https:\\\/\\\/x.com\\\/integracee\",\"https:\\\/\\\/www.linkedin.com\\\/company\\\/integra-centro-especial-de-empleo\"]}]}<\/script>\n<!-- \/ Yoast SEO plugin. -->","yoast_head_json":{"title":"Inicio - Integra CEE | Centro especial de empleo","robots":{"index":"index","follow":"follow","max-snippet":"max-snippet:-1","max-image-preview":"max-image-preview:large","max-video-preview":"max-video-preview:-1"},"canonical":"https:\/\/integracee.es\/gl\/","og_locale":"gl_ES","og_type":"article","og_title":"INTEGRA CENTROS ESPECIALES DE EMPLEO","og_description":"Generamos oportunidades laborales para personas con discapacidada trav\u00e9s de la prestaci\u00f3n de servicios de calidad en entidades p\u00fablicasy privadas.","og_url":"https:\/\/integracee.es\/gl\/","og_site_name":"Integra CEE | Centro especial de empleo","article_publisher":"https:\/\/www.facebook.com\/integracee\/","article_modified_time":"2026-04-07T11:32:19+00:00","og_image":[{"width":400,"height":277,"url":"https:\/\/integracee.es\/wp-content\/uploads\/2023\/06\/MedidasAlternaContent-400x277-1.jpg","type":"image\/jpeg"}],"twitter_card":"summary_large_image","twitter_title":"INTEGRA CENTROS ESPECIALES DE EMPLEO","twitter_description":"Generamos oportunidades laborales para personas con discapacidada trav\u00e9s de la prestaci\u00f3n de servicios de calidad en entidades p\u00fablicasy privadas.","twitter_image":"https:\/\/integracee.es\/wp-content\/uploads\/2023\/06\/MedidasAlternaContent-400x277-1.jpg","twitter_site":"@integracee","twitter_misc":{"Tempo de lectura":"6 minutos"},"schema":{"@context":"https:\/\/schema.org","@graph":[{"@type":"WebPage","@id":"https:\/\/integracee.es\/gl\/","url":"https:\/\/integracee.es\/gl\/","name":"Inicio - Integra CEE | Centro especial de empleo","isPartOf":{"@id":"https:\/\/integracee.es\/gl\/#website"},"primaryImageOfPage":{"@id":"https:\/\/integracee.es\/gl\/#primaryimage"},"image":{"@id":"https:\/\/integracee.es\/gl\/#primaryimage"},"thumbnailUrl":"https:\/\/integracee.es\/wp-content\/uploads\/2023\/04\/eres-persona-home-1.png","datePublished":"2020-04-16T09:21:01+00:00","dateModified":"2026-04-07T11:32:19+00:00","breadcrumb":{"@id":"https:\/\/integracee.es\/gl\/#breadcrumb"},"inLanguage":"gl-ES","potentialAction":[{"@type":"ReadAction","target":["https:\/\/integracee.es\/gl\/"]}]},{"@type":"ImageObject","inLanguage":"gl-ES","@id":"https:\/\/integracee.es\/gl\/#primaryimage","url":"https:\/\/integracee.es\/wp-content\/uploads\/2023\/04\/eres-persona-home-1.png","contentUrl":"https:\/\/integracee.es\/wp-content\/uploads\/2023\/04\/eres-persona-home-1.png","width":600,"height":333,"caption":"Integra CEE, centros especiales de empleo inclusivo en Espa\u00f1a"},{"@type":"BreadcrumbList","@id":"https:\/\/integracee.es\/gl\/#breadcrumb","itemListElement":[{"@type":"ListItem","position":1,"name":"Portada","item":"https:\/\/integracee.es\/gl\/"},{"@type":"ListItem","position":2,"name":"Inicio"}]},{"@type":"WebSite","@id":"https:\/\/integracee.es\/gl\/#website","url":"https:\/\/integracee.es\/gl\/","name":"Integra CEE | Centro especial de empleo","description":"Contratamos talento. Promovemos inclusi\u00f3n | Medidas alternativas de empleo inclusivo | Contrataci\u00f3n de personas con discapacidad","publisher":{"@id":"https:\/\/integracee.es\/gl\/#organization"},"potentialAction":[{"@type":"SearchAction","target":{"@type":"EntryPoint","urlTemplate":"https:\/\/integracee.es\/gl\/?s={search_term_string}"},"query-input":{"@type":"PropertyValueSpecification","valueRequired":true,"valueName":"search_term_string"}}],"inLanguage":"gl-ES"},{"@type":"Organization","@id":"https:\/\/integracee.es\/gl\/#organization","name":"Integra CEE | Centro especial de empleo","url":"https:\/\/integracee.es\/gl\/","logo":{"@type":"ImageObject","inLanguage":"gl-ES","@id":"https:\/\/integracee.es\/gl\/#\/schema\/logo\/image\/","url":"https:\/\/integracee.es\/wp-content\/uploads\/2020\/02\/logoBlanco2x-1.png","contentUrl":"https:\/\/integracee.es\/wp-content\/uploads\/2020\/02\/logoBlanco2x-1.png","width":600,"height":235,"caption":"Integra CEE | Centro especial de empleo"},"image":{"@id":"https:\/\/integracee.es\/gl\/#\/schema\/logo\/image\/"},"sameAs":["https:\/\/www.facebook.com\/integracee\/","https:\/\/x.com\/integracee","https:\/\/www.linkedin.com\/company\/integra-centro-especial-de-empleo"]}]}},"_links":{"self":[{"href":"https:\/\/integracee.es\/gl\/wp-json\/wp\/v2\/pages\/15592","targetHints":{"allow":["GET"]}}],"collection":[{"href":"https:\/\/integracee.es\/gl\/wp-json\/wp\/v2\/pages"}],"about":[{"href":"https:\/\/integracee.es\/gl\/wp-json\/wp\/v2\/types\/page"}],"author":[{"embeddable":true,"href":"https:\/\/integracee.es\/gl\/wp-json\/wp\/v2\/users\/1"}],"replies":[{"embeddable":true,"href":"https:\/\/integracee.es\/gl\/wp-json\/wp\/v2\/comments?post=15592"}],"version-history":[{"count":5,"href":"https:\/\/integracee.es\/gl\/wp-json\/wp\/v2\/pages\/15592\/revisions"}],"predecessor-version":[{"id":23619,"href":"https:\/\/integracee.es\/gl\/wp-json\/wp\/v2\/pages\/15592\/revisions\/23619"}],"wp:featuredmedia":[{"embeddable":true,"href":"https:\/\/integracee.es\/gl\/wp-json\/wp\/v2\/media\/16434"}],"wp:attachment":[{"href":"https:\/\/integracee.es\/gl\/wp-json\/wp\/v2\/media?parent=15592"}],"curies":[{"name":"wp","href":"https:\/\/api.w.org\/{rel}","templated":true}]}}