{"id":18457,"date":"2023-01-30T11:46:24","date_gmt":"2023-01-30T11:46:24","guid":{"rendered":"https:\/\/integracee.es\/conocenos\/"},"modified":"2026-04-30T08:02:14","modified_gmt":"2026-04-30T08:02:14","slug":"conecenos","status":"publish","type":"page","link":"https:\/\/integracee.es\/gl\/quen-somos\/conecenos\/","title":{"rendered":"Co\u00f1\u00e9cenos"},"content":{"rendered":"","protected":false},"excerpt":{"rendered":"","protected":false},"author":1,"featured_media":21232,"parent":18505,"menu_order":0,"comment_status":"closed","ping_status":"closed","template":"","meta":{"footnotes":""},"class_list":["post-18457","page","type-page","status-publish","has-post-thumbnail","hentry"],"yoast_head":"<!-- This site is optimized with the Yoast SEO plugin v27.5 - https:\/\/yoast.com\/product\/yoast-seo-wordpress\/ -->\n<title>Co\u00f1\u00e9cenos - Integra CEE | Centro especial de empleo<\/title>\n<meta name=\"robots\" content=\"index, follow, max-snippet:-1, max-image-preview:large, max-video-preview:-1\" \/>\n<link rel=\"canonical\" href=\"https:\/\/integracee.es\/gl\/quen-somos\/conecenos\/\" \/>\n<meta property=\"og:locale\" content=\"gl_ES\" \/>\n<meta property=\"og:type\" content=\"article\" \/>\n<meta property=\"og:title\" content=\"Co\u00f1\u00e9cenos - Integra CEE | Centro especial de empleo\" \/>\n<meta property=\"og:url\" content=\"https:\/\/integracee.es\/gl\/quen-somos\/conecenos\/\" \/>\n<meta property=\"og:site_name\" content=\"Integra CEE | Centro especial de empleo\" \/>\n<meta property=\"article:publisher\" content=\"https:\/\/www.facebook.com\/integracee\/\" \/>\n<meta property=\"article:modified_time\" content=\"2026-04-30T08:02:14+00:00\" \/>\n<meta property=\"og:image\" content=\"https:\/\/integracee.es\/wp-content\/uploads\/2023\/02\/Quienessomosimg.jpg\" \/>\n\t<meta property=\"og:image:width\" content=\"850\" \/>\n\t<meta property=\"og:image:height\" content=\"567\" \/>\n\t<meta property=\"og:image:type\" content=\"image\/jpeg\" \/>\n<meta name=\"twitter:card\" content=\"summary_large_image\" \/>\n<meta name=\"twitter:site\" content=\"@integracee\" \/>\n<meta name=\"twitter:label1\" content=\"Tempo de lectura\" \/>\n\t<meta name=\"twitter:data1\" content=\"2 minutos\" \/>\n<script type=\"application\/ld+json\" class=\"yoast-schema-graph\">{\"@context\":\"https:\\\/\\\/schema.org\",\"@graph\":[{\"@type\":\"WebPage\",\"@id\":\"https:\\\/\\\/integracee.es\\\/gl\\\/quen-somos\\\/conecenos\\\/\",\"url\":\"https:\\\/\\\/integracee.es\\\/gl\\\/quen-somos\\\/conecenos\\\/\",\"name\":\"Co\u00f1\u00e9cenos - Integra CEE | Centro especial de empleo\",\"isPartOf\":{\"@id\":\"https:\\\/\\\/integracee.es\\\/gl\\\/#website\"},\"primaryImageOfPage\":{\"@id\":\"https:\\\/\\\/integracee.es\\\/gl\\\/quen-somos\\\/conecenos\\\/#primaryimage\"},\"image\":{\"@id\":\"https:\\\/\\\/integracee.es\\\/gl\\\/quen-somos\\\/conecenos\\\/#primaryimage\"},\"thumbnailUrl\":\"https:\\\/\\\/integracee.es\\\/wp-content\\\/uploads\\\/2023\\\/02\\\/Quienessomosimg.jpg\",\"datePublished\":\"2023-01-30T11:46:24+00:00\",\"dateModified\":\"2026-04-30T08:02:14+00:00\",\"breadcrumb\":{\"@id\":\"https:\\\/\\\/integracee.es\\\/gl\\\/quen-somos\\\/conecenos\\\/#breadcrumb\"},\"inLanguage\":\"gl-ES\",\"potentialAction\":[{\"@type\":\"ReadAction\",\"target\":[\"https:\\\/\\\/integracee.es\\\/gl\\\/quen-somos\\\/conecenos\\\/\"]}]},{\"@type\":\"ImageObject\",\"inLanguage\":\"gl-ES\",\"@id\":\"https:\\\/\\\/integracee.es\\\/gl\\\/quen-somos\\\/conecenos\\\/#primaryimage\",\"url\":\"https:\\\/\\\/integracee.es\\\/wp-content\\\/uploads\\\/2023\\\/02\\\/Quienessomosimg.jpg\",\"contentUrl\":\"https:\\\/\\\/integracee.es\\\/wp-content\\\/uploads\\\/2023\\\/02\\\/Quienessomosimg.jpg\",\"width\":850,\"height\":567,\"caption\":\"Qui\u00e9nes somos. Con\u00f3cenos. Contrataci\u00f3n de empleo inclusivo\"},{\"@type\":\"BreadcrumbList\",\"@id\":\"https:\\\/\\\/integracee.es\\\/gl\\\/quen-somos\\\/conecenos\\\/#breadcrumb\",\"itemListElement\":[{\"@type\":\"ListItem\",\"position\":1,\"name\":\"Portada\",\"item\":\"https:\\\/\\\/integracee.es\\\/gl\\\/\"},{\"@type\":\"ListItem\",\"position\":2,\"name\":\"Quen somos\",\"item\":\"https:\\\/\\\/integracee.es\\\/gl\\\/quen-somos\\\/\"},{\"@type\":\"ListItem\",\"position\":3,\"name\":\"Co\u00f1\u00e9cenos\"}]},{\"@type\":\"WebSite\",\"@id\":\"https:\\\/\\\/integracee.es\\\/gl\\\/#website\",\"url\":\"https:\\\/\\\/integracee.es\\\/gl\\\/\",\"name\":\"Integra CEE | Centro especial de empleo\",\"description\":\"Contratamos talento. Promovemos inclusi\u00f3n | Medidas alternativas de empleo inclusivo | Contrataci\u00f3n de personas con discapacidad\",\"publisher\":{\"@id\":\"https:\\\/\\\/integracee.es\\\/gl\\\/#organization\"},\"potentialAction\":[{\"@type\":\"SearchAction\",\"target\":{\"@type\":\"EntryPoint\",\"urlTemplate\":\"https:\\\/\\\/integracee.es\\\/gl\\\/?s={search_term_string}\"},\"query-input\":{\"@type\":\"PropertyValueSpecification\",\"valueRequired\":true,\"valueName\":\"search_term_string\"}}],\"inLanguage\":\"gl-ES\"},{\"@type\":\"Organization\",\"@id\":\"https:\\\/\\\/integracee.es\\\/gl\\\/#organization\",\"name\":\"Integra CEE | Centro especial de empleo\",\"url\":\"https:\\\/\\\/integracee.es\\\/gl\\\/\",\"logo\":{\"@type\":\"ImageObject\",\"inLanguage\":\"gl-ES\",\"@id\":\"https:\\\/\\\/integracee.es\\\/gl\\\/#\\\/schema\\\/logo\\\/image\\\/\",\"url\":\"https:\\\/\\\/integracee.es\\\/wp-content\\\/uploads\\\/2020\\\/02\\\/logoBlanco2x-1.png\",\"contentUrl\":\"https:\\\/\\\/integracee.es\\\/wp-content\\\/uploads\\\/2020\\\/02\\\/logoBlanco2x-1.png\",\"width\":600,\"height\":235,\"caption\":\"Integra CEE | Centro especial de empleo\"},\"image\":{\"@id\":\"https:\\\/\\\/integracee.es\\\/gl\\\/#\\\/schema\\\/logo\\\/image\\\/\"},\"sameAs\":[\"https:\\\/\\\/www.facebook.com\\\/integracee\\\/\",\"https:\\\/\\\/x.com\\\/integracee\",\"https:\\\/\\\/www.linkedin.com\\\/company\\\/integra-centro-especial-de-empleo\"]}]}<\/script>\n<!-- \/ Yoast SEO plugin. -->","yoast_head_json":{"title":"Co\u00f1\u00e9cenos - Integra CEE | Centro especial de empleo","robots":{"index":"index","follow":"follow","max-snippet":"max-snippet:-1","max-image-preview":"max-image-preview:large","max-video-preview":"max-video-preview:-1"},"canonical":"https:\/\/integracee.es\/gl\/quen-somos\/conecenos\/","og_locale":"gl_ES","og_type":"article","og_title":"Co\u00f1\u00e9cenos - Integra CEE | Centro especial de empleo","og_url":"https:\/\/integracee.es\/gl\/quen-somos\/conecenos\/","og_site_name":"Integra CEE | Centro especial de empleo","article_publisher":"https:\/\/www.facebook.com\/integracee\/","article_modified_time":"2026-04-30T08:02:14+00:00","og_image":[{"width":850,"height":567,"url":"https:\/\/integracee.es\/wp-content\/uploads\/2023\/02\/Quienessomosimg.jpg","type":"image\/jpeg"}],"twitter_card":"summary_large_image","twitter_site":"@integracee","twitter_misc":{"Tempo de lectura":"2 minutos"},"schema":{"@context":"https:\/\/schema.org","@graph":[{"@type":"WebPage","@id":"https:\/\/integracee.es\/gl\/quen-somos\/conecenos\/","url":"https:\/\/integracee.es\/gl\/quen-somos\/conecenos\/","name":"Co\u00f1\u00e9cenos - Integra CEE | Centro especial de empleo","isPartOf":{"@id":"https:\/\/integracee.es\/gl\/#website"},"primaryImageOfPage":{"@id":"https:\/\/integracee.es\/gl\/quen-somos\/conecenos\/#primaryimage"},"image":{"@id":"https:\/\/integracee.es\/gl\/quen-somos\/conecenos\/#primaryimage"},"thumbnailUrl":"https:\/\/integracee.es\/wp-content\/uploads\/2023\/02\/Quienessomosimg.jpg","datePublished":"2023-01-30T11:46:24+00:00","dateModified":"2026-04-30T08:02:14+00:00","breadcrumb":{"@id":"https:\/\/integracee.es\/gl\/quen-somos\/conecenos\/#breadcrumb"},"inLanguage":"gl-ES","potentialAction":[{"@type":"ReadAction","target":["https:\/\/integracee.es\/gl\/quen-somos\/conecenos\/"]}]},{"@type":"ImageObject","inLanguage":"gl-ES","@id":"https:\/\/integracee.es\/gl\/quen-somos\/conecenos\/#primaryimage","url":"https:\/\/integracee.es\/wp-content\/uploads\/2023\/02\/Quienessomosimg.jpg","contentUrl":"https:\/\/integracee.es\/wp-content\/uploads\/2023\/02\/Quienessomosimg.jpg","width":850,"height":567,"caption":"Qui\u00e9nes somos. Con\u00f3cenos. Contrataci\u00f3n de empleo inclusivo"},{"@type":"BreadcrumbList","@id":"https:\/\/integracee.es\/gl\/quen-somos\/conecenos\/#breadcrumb","itemListElement":[{"@type":"ListItem","position":1,"name":"Portada","item":"https:\/\/integracee.es\/gl\/"},{"@type":"ListItem","position":2,"name":"Quen somos","item":"https:\/\/integracee.es\/gl\/quen-somos\/"},{"@type":"ListItem","position":3,"name":"Co\u00f1\u00e9cenos"}]},{"@type":"WebSite","@id":"https:\/\/integracee.es\/gl\/#website","url":"https:\/\/integracee.es\/gl\/","name":"Integra CEE | Centro especial de empleo","description":"Contratamos talento. Promovemos inclusi\u00f3n | Medidas alternativas de empleo inclusivo | Contrataci\u00f3n de personas con discapacidad","publisher":{"@id":"https:\/\/integracee.es\/gl\/#organization"},"potentialAction":[{"@type":"SearchAction","target":{"@type":"EntryPoint","urlTemplate":"https:\/\/integracee.es\/gl\/?s={search_term_string}"},"query-input":{"@type":"PropertyValueSpecification","valueRequired":true,"valueName":"search_term_string"}}],"inLanguage":"gl-ES"},{"@type":"Organization","@id":"https:\/\/integracee.es\/gl\/#organization","name":"Integra CEE | Centro especial de empleo","url":"https:\/\/integracee.es\/gl\/","logo":{"@type":"ImageObject","inLanguage":"gl-ES","@id":"https:\/\/integracee.es\/gl\/#\/schema\/logo\/image\/","url":"https:\/\/integracee.es\/wp-content\/uploads\/2020\/02\/logoBlanco2x-1.png","contentUrl":"https:\/\/integracee.es\/wp-content\/uploads\/2020\/02\/logoBlanco2x-1.png","width":600,"height":235,"caption":"Integra CEE | Centro especial de empleo"},"image":{"@id":"https:\/\/integracee.es\/gl\/#\/schema\/logo\/image\/"},"sameAs":["https:\/\/www.facebook.com\/integracee\/","https:\/\/x.com\/integracee","https:\/\/www.linkedin.com\/company\/integra-centro-especial-de-empleo"]}]}},"_links":{"self":[{"href":"https:\/\/integracee.es\/gl\/wp-json\/wp\/v2\/pages\/18457","targetHints":{"allow":["GET"]}}],"collection":[{"href":"https:\/\/integracee.es\/gl\/wp-json\/wp\/v2\/pages"}],"about":[{"href":"https:\/\/integracee.es\/gl\/wp-json\/wp\/v2\/types\/page"}],"author":[{"embeddable":true,"href":"https:\/\/integracee.es\/gl\/wp-json\/wp\/v2\/users\/1"}],"replies":[{"embeddable":true,"href":"https:\/\/integracee.es\/gl\/wp-json\/wp\/v2\/comments?post=18457"}],"version-history":[{"count":3,"href":"https:\/\/integracee.es\/gl\/wp-json\/wp\/v2\/pages\/18457\/revisions"}],"predecessor-version":[{"id":24153,"href":"https:\/\/integracee.es\/gl\/wp-json\/wp\/v2\/pages\/18457\/revisions\/24153"}],"up":[{"embeddable":true,"href":"https:\/\/integracee.es\/gl\/wp-json\/wp\/v2\/pages\/18505"}],"wp:featuredmedia":[{"embeddable":true,"href":"https:\/\/integracee.es\/gl\/wp-json\/wp\/v2\/media\/21232"}],"wp:attachment":[{"href":"https:\/\/integracee.es\/gl\/wp-json\/wp\/v2\/media?parent=18457"}],"curies":[{"name":"wp","href":"https:\/\/api.w.org\/{rel}","templated":true}]}}